{"id":122,"date":"2019-08-23T06:33:45","date_gmt":"2019-08-23T06:33:45","guid":{"rendered":"https:\/\/vitreriestarlight.com\/home\/"},"modified":"2021-03-19T00:48:43","modified_gmt":"2021-03-19T04:48:43","slug":"home","status":"publish","type":"page","link":"https:\/\/vitreriestarlight.com\/fr\/","title":{"rendered":"Accueil"},"content":{"rendered":"<p>Starlight Glass est un vendeur de premier plan et un installateur de produits en verre pouvant am\u00e9liorer le confort et le style de votre espace. Nous desservons des clients commerciaux et r\u00e9sidentiels de la r\u00e9gion de Montr\u00e9al et d\u2019Ottawa depuis des ann\u00e9es. Nous sommes sp\u00e9cialis\u00e9s dans l&rsquo;offre de produits en verre de haute qualit\u00e9 et de services d&rsquo;installation sans soudure. Chez Starlight Glass, nous comprenons que chaque projet est aussi unique que son cr\u00e9ateur. Pour r\u00e9pondre aux attentes de nos clients, nous prenons le temps de comprendre d\u2019abord leurs besoins. Que vous ayez besoin d&rsquo;une porte de douche en verre, de miroirs, d&rsquo;une cl\u00f4ture de piscine, d&rsquo;une cloison de bureau, d&rsquo;une table en verre ou d&rsquo;un comptoir en verre, nous pouvons vous aider, de la conception \u00e0 la r\u00e9alisation du projet. Nous fournissons des solutions sur mesure pour r\u00e9pondre \u00e0 vos attentes.<\/p>\n<p>Nous sommes fiers d&rsquo;offrir des produits d\u2019une meilleure qualit\u00e9 au prix le plus comp\u00e9titif, ainsi qu&rsquo;une installation professionnelle en temps voulu. Nous installons des cl\u00f4tures en verre de piscine cristallines pour vous fournir un maximum de s\u00e9curit\u00e9 sans compromettre votre vue. De plus, si vous envisagez une r\u00e9novation de salle de bain, nous pouvons installer une porte de douche en verre \u00e9l\u00e9gante ou une cabine de douche sans cadre.<\/p>\n<p><button class=\"btn btn-primary btn_styled\" data-toggle=\"collapse\" data-target=\"#homemorecontent\">Lire la suite<\/button><\/p>\n<div id=\"homemorecontent\" class=\"collapse\">Votre s\u00e9curit\u00e9 et votre satisfaction sont notre priorit\u00e9! Pour assurer la s\u00e9curit\u00e9 de votre famille, nous concevons et installons chaque produit avec le plus grand soin et perfection. Chaque pince d&rsquo;ancrage et mat\u00e9riel est con\u00e7u pour vous offrir de la s\u00e9curit\u00e9, durabilit\u00e9 et \u00e9l\u00e9gance. Nos portes et cl\u00f4tures sont en verre tremp\u00e9 qui ne craquera pas, ni ne se brisera pas. Si vous cherchiez un moyen rapide et facile d\u2019\u00e9clairer votre espace, pensez \u00e0 ajouter des miroirs Starlight. Nos miroirs sont de la plus haute qualit\u00e9 et nous pouvons les personnaliser selon le style et la forme que vous souhaitez.<\/p>\n<p>Nous proposons une gamme compl\u00e8te de produits: vitrages de vitrines, vitres de fen\u00eatres, portails, balustrades, cloisons de bureaux, caves, vitrages tremp\u00e9s de s\u00e9curit\u00e9, vitrages isolants et feuillet\u00e9s, murs miroitants et cl\u00f4tures de piscines en verre. Nous avons une \u00e9quipe de professionnels qualifi\u00e9s et exp\u00e9riment\u00e9s pour nous assurer que chaque projet d&rsquo;installation est r\u00e9alis\u00e9 avec le plus haut niveau de professionnalisme.\n<\/p><\/div>\n","protected":false},"excerpt":{"rendered":"<p>Starlight Glass est un vendeur de premier plan et un installateur de produits en verre pouvant am\u00e9liorer le confort et le style de votre espace. Nous desservons des clients commerciaux et r\u00e9sidentiels de la r\u00e9gion de Montr\u00e9al et d\u2019Ottawa depuis des ann\u00e9es. Nous sommes sp\u00e9cialis\u00e9s dans l&rsquo;offre de produits en verre de haute qualit\u00e9 et [&hellip;]<\/p>\n","protected":false},"author":1,"featured_media":0,"parent":0,"menu_order":0,"comment_status":"closed","ping_status":"closed","template":"","meta":{"_acf_changed":false,"footnotes":""},"class_list":["post-122","page","type-page","status-publish","hentry"],"acf":[],"yoast_head":"<!-- This site is optimized with the Yoast SEO plugin v27.3 - https:\/\/yoast.com\/product\/yoast-seo-wordpress\/ -->\n<title>Custom Glass Montreal, Glass Shower Doors, Tabletops, Office Partition<\/title>\n<meta name=\"description\" content=\"Welcome to Starlight Glass, Montreal\u2019s leading glass products supplier. We provide custom made glass solutions to meet all your needs, right from glass tabletops to pool fences and office partitions. To know more, contact us at 514-447-9771.\" \/>\n<meta name=\"robots\" content=\"index, follow, max-snippet:-1, max-image-preview:large, max-video-preview:-1\" \/>\n<link rel=\"canonical\" href=\"https:\/\/vitreriestarlight.com\/fr\/\" \/>\n<meta property=\"og:locale\" content=\"fr_FR\" \/>\n<meta property=\"og:type\" content=\"article\" \/>\n<meta property=\"og:title\" content=\"Custom Glass Montreal, Glass Shower Doors, Tabletops, Office Partition\" \/>\n<meta property=\"og:description\" content=\"Welcome to Starlight Glass, Montreal\u2019s leading glass products supplier. We provide custom made glass solutions to meet all your needs, right from glass tabletops to pool fences and office partitions. To know more, contact us at 514-447-9771.\" \/>\n<meta property=\"og:url\" content=\"https:\/\/vitreriestarlight.com\/fr\/\" \/>\n<meta property=\"og:site_name\" content=\"Vitrerie Starlight\" \/>\n<meta property=\"article:modified_time\" content=\"2021-03-19T04:48:43+00:00\" \/>\n<meta name=\"twitter:card\" content=\"summary_large_image\" \/>\n<meta name=\"twitter:label1\" content=\"Dur\u00e9e de lecture estim\u00e9e\" \/>\n\t<meta name=\"twitter:data1\" content=\"2 minutes\" \/>\n<script type=\"application\/ld+json\" class=\"yoast-schema-graph\">{\"@context\":\"https:\\\/\\\/schema.org\",\"@graph\":[{\"@type\":\"WebPage\",\"@id\":\"https:\\\/\\\/vitreriestarlight.com\\\/fr\\\/\",\"url\":\"https:\\\/\\\/vitreriestarlight.com\\\/fr\\\/\",\"name\":\"Custom Glass Montreal, Glass Shower Doors, Tabletops, Office Partition\",\"isPartOf\":{\"@id\":\"https:\\\/\\\/vitreriestarlight.com\\\/fr\\\/#website\"},\"datePublished\":\"2019-08-23T06:33:45+00:00\",\"dateModified\":\"2021-03-19T04:48:43+00:00\",\"description\":\"Welcome to Starlight Glass, Montreal\u2019s leading glass products supplier. We provide custom made glass solutions to meet all your needs, right from glass tabletops to pool fences and office partitions. To know more, contact us at 514-447-9771.\",\"breadcrumb\":{\"@id\":\"https:\\\/\\\/vitreriestarlight.com\\\/fr\\\/#breadcrumb\"},\"inLanguage\":\"fr-FR\",\"potentialAction\":[{\"@type\":\"ReadAction\",\"target\":[\"https:\\\/\\\/vitreriestarlight.com\\\/fr\\\/\"]}]},{\"@type\":\"BreadcrumbList\",\"@id\":\"https:\\\/\\\/vitreriestarlight.com\\\/fr\\\/#breadcrumb\",\"itemListElement\":[{\"@type\":\"ListItem\",\"position\":1,\"name\":\"Home\",\"item\":\"https:\\\/\\\/vitreriestarlight.com\\\/fr\\\/\"},{\"@type\":\"ListItem\",\"position\":2,\"name\":\"Accueil\"}]},{\"@type\":\"WebSite\",\"@id\":\"https:\\\/\\\/vitreriestarlight.com\\\/fr\\\/#website\",\"url\":\"https:\\\/\\\/vitreriestarlight.com\\\/fr\\\/\",\"name\":\"Vitrerie Starlight\",\"description\":\"\",\"potentialAction\":[{\"@type\":\"SearchAction\",\"target\":{\"@type\":\"EntryPoint\",\"urlTemplate\":\"https:\\\/\\\/vitreriestarlight.com\\\/fr\\\/?s={search_term_string}\"},\"query-input\":{\"@type\":\"PropertyValueSpecification\",\"valueRequired\":true,\"valueName\":\"search_term_string\"}}],\"inLanguage\":\"fr-FR\"}]}<\/script>\n<!-- \/ Yoast SEO plugin. -->","yoast_head_json":{"title":"Custom Glass Montreal, Glass Shower Doors, Tabletops, Office Partition","description":"Welcome to Starlight Glass, Montreal\u2019s leading glass products supplier. We provide custom made glass solutions to meet all your needs, right from glass tabletops to pool fences and office partitions. To know more, contact us at 514-447-9771.","robots":{"index":"index","follow":"follow","max-snippet":"max-snippet:-1","max-image-preview":"max-image-preview:large","max-video-preview":"max-video-preview:-1"},"canonical":"https:\/\/vitreriestarlight.com\/fr\/","og_locale":"fr_FR","og_type":"article","og_title":"Custom Glass Montreal, Glass Shower Doors, Tabletops, Office Partition","og_description":"Welcome to Starlight Glass, Montreal\u2019s leading glass products supplier. We provide custom made glass solutions to meet all your needs, right from glass tabletops to pool fences and office partitions. To know more, contact us at 514-447-9771.","og_url":"https:\/\/vitreriestarlight.com\/fr\/","og_site_name":"Vitrerie Starlight","article_modified_time":"2021-03-19T04:48:43+00:00","twitter_card":"summary_large_image","twitter_misc":{"Dur\u00e9e de lecture estim\u00e9e":"2 minutes"},"schema":{"@context":"https:\/\/schema.org","@graph":[{"@type":"WebPage","@id":"https:\/\/vitreriestarlight.com\/fr\/","url":"https:\/\/vitreriestarlight.com\/fr\/","name":"Custom Glass Montreal, Glass Shower Doors, Tabletops, Office Partition","isPartOf":{"@id":"https:\/\/vitreriestarlight.com\/fr\/#website"},"datePublished":"2019-08-23T06:33:45+00:00","dateModified":"2021-03-19T04:48:43+00:00","description":"Welcome to Starlight Glass, Montreal\u2019s leading glass products supplier. We provide custom made glass solutions to meet all your needs, right from glass tabletops to pool fences and office partitions. To know more, contact us at 514-447-9771.","breadcrumb":{"@id":"https:\/\/vitreriestarlight.com\/fr\/#breadcrumb"},"inLanguage":"fr-FR","potentialAction":[{"@type":"ReadAction","target":["https:\/\/vitreriestarlight.com\/fr\/"]}]},{"@type":"BreadcrumbList","@id":"https:\/\/vitreriestarlight.com\/fr\/#breadcrumb","itemListElement":[{"@type":"ListItem","position":1,"name":"Home","item":"https:\/\/vitreriestarlight.com\/fr\/"},{"@type":"ListItem","position":2,"name":"Accueil"}]},{"@type":"WebSite","@id":"https:\/\/vitreriestarlight.com\/fr\/#website","url":"https:\/\/vitreriestarlight.com\/fr\/","name":"Vitrerie Starlight","description":"","potentialAction":[{"@type":"SearchAction","target":{"@type":"EntryPoint","urlTemplate":"https:\/\/vitreriestarlight.com\/fr\/?s={search_term_string}"},"query-input":{"@type":"PropertyValueSpecification","valueRequired":true,"valueName":"search_term_string"}}],"inLanguage":"fr-FR"}]}},"_links":{"self":[{"href":"https:\/\/vitreriestarlight.com\/fr\/wp-json\/wp\/v2\/pages\/122","targetHints":{"allow":["GET"]}}],"collection":[{"href":"https:\/\/vitreriestarlight.com\/fr\/wp-json\/wp\/v2\/pages"}],"about":[{"href":"https:\/\/vitreriestarlight.com\/fr\/wp-json\/wp\/v2\/types\/page"}],"author":[{"embeddable":true,"href":"https:\/\/vitreriestarlight.com\/fr\/wp-json\/wp\/v2\/users\/1"}],"replies":[{"embeddable":true,"href":"https:\/\/vitreriestarlight.com\/fr\/wp-json\/wp\/v2\/comments?post=122"}],"version-history":[{"count":15,"href":"https:\/\/vitreriestarlight.com\/fr\/wp-json\/wp\/v2\/pages\/122\/revisions"}],"predecessor-version":[{"id":2546,"href":"https:\/\/vitreriestarlight.com\/fr\/wp-json\/wp\/v2\/pages\/122\/revisions\/2546"}],"wp:attachment":[{"href":"https:\/\/vitreriestarlight.com\/fr\/wp-json\/wp\/v2\/media?parent=122"}],"curies":[{"name":"wp","href":"https:\/\/api.w.org\/{rel}","templated":true}]}}