{"id":5414,"date":"2023-03-14T07:17:59","date_gmt":"2023-05-17T16:26:10","guid":{"rendered":"https:\/\/vitreriestarlight.com\/product\/pince-a-base-plate\/"},"modified":"2023-05-17T12:26:10","modified_gmt":"2023-05-17T16:26:10","slug":"pince-a-base-plate","status":"publish","type":"product","link":"https:\/\/vitreriestarlight.com\/fr\/product\/pince-a-base-plate\/","title":{"rendered":"Pince \u00e0 base plate"},"content":{"rendered":"<p>\u25aa Pince en acier inoxydable plat bross\u00e9 de type carr\u00e9 s\u00e9rie Z<br \/>\n\u25aa Pour verre de 1\/2 \u00bb (12mm)<br \/>\n\u25aa Pour une utilisation sur les mezzanines, les cloisons, les garde-corps et les brise-vent<br \/>\n\u25aa Utilisez du verre tremp\u00e9 monolithique<\/p>\n","protected":false},"excerpt":{"rendered":"<p>La commande en ligne est en route! Pour passer une commande ou faire une demande, <a href=\"https:\/\/vitreriestarlight.com\/contact-us\/\">veuillez nous contacter directement<\/a> et nous serons heureux de vous aider.<\/p>\n","protected":false},"featured_media":5232,"comment_status":"open","ping_status":"closed","template":"","meta":{"_acf_changed":false},"product_brand":[],"product_cat":[37],"product_tag":[],"class_list":{"0":"post-5414","1":"product","2":"type-product","3":"status-publish","4":"has-post-thumbnail","6":"product_cat-shower-hw-fr","8":"first","9":"instock","10":"shipping-taxable","11":"product-type-simple"},"acf":[],"yoast_head":"<!-- This site is optimized with the Yoast SEO plugin v27.3 - https:\/\/yoast.com\/product\/yoast-seo-wordpress\/ -->\n<title>Pince \u00e0 base plate - Vitrerie Starlight<\/title>\n<meta name=\"robots\" content=\"index, follow, max-snippet:-1, max-image-preview:large, max-video-preview:-1\" \/>\n<link rel=\"canonical\" href=\"https:\/\/vitreriestarlight.com\/fr\/product\/pince-a-base-plate\/\" \/>\n<meta property=\"og:locale\" content=\"fr_FR\" \/>\n<meta property=\"og:type\" content=\"article\" \/>\n<meta property=\"og:title\" content=\"Pince \u00e0 base plate - Vitrerie Starlight\" \/>\n<meta property=\"og:description\" content=\"La commande en ligne est en route! Pour passer une commande ou faire une demande, veuillez nous contacter directement et nous serons heureux de vous aider.\" \/>\n<meta property=\"og:url\" content=\"https:\/\/vitreriestarlight.com\/fr\/product\/pince-a-base-plate\/\" \/>\n<meta property=\"og:site_name\" content=\"Vitrerie Starlight\" \/>\n<meta property=\"og:image\" content=\"https:\/\/vitreriestarlight.com\/wp-content\/uploads\/2023\/03\/Z912BS_25312.jpeg\" \/>\n\t<meta property=\"og:image:width\" content=\"562\" \/>\n\t<meta property=\"og:image:height\" content=\"200\" \/>\n\t<meta property=\"og:image:type\" content=\"image\/jpeg\" \/>\n<meta name=\"twitter:card\" content=\"summary_large_image\" \/>\n<script type=\"application\/ld+json\" class=\"yoast-schema-graph\">{\"@context\":\"https:\\\/\\\/schema.org\",\"@graph\":[{\"@type\":\"WebPage\",\"@id\":\"https:\\\/\\\/vitreriestarlight.com\\\/fr\\\/product\\\/pince-a-base-plate\\\/\",\"url\":\"https:\\\/\\\/vitreriestarlight.com\\\/fr\\\/product\\\/pince-a-base-plate\\\/\",\"name\":\"Pince \u00e0 base plate - Vitrerie Starlight\",\"isPartOf\":{\"@id\":\"https:\\\/\\\/vitreriestarlight.com\\\/fr\\\/#website\"},\"primaryImageOfPage\":{\"@id\":\"https:\\\/\\\/vitreriestarlight.com\\\/fr\\\/product\\\/pince-a-base-plate\\\/#primaryimage\"},\"image\":{\"@id\":\"https:\\\/\\\/vitreriestarlight.com\\\/fr\\\/product\\\/pince-a-base-plate\\\/#primaryimage\"},\"thumbnailUrl\":\"https:\\\/\\\/vitreriestarlight.com\\\/wp-content\\\/uploads\\\/2023\\\/03\\\/Z912BS_25312.jpeg\",\"datePublished\":\"2023-05-17T16:26:10+00:00\",\"breadcrumb\":{\"@id\":\"https:\\\/\\\/vitreriestarlight.com\\\/fr\\\/product\\\/pince-a-base-plate\\\/#breadcrumb\"},\"inLanguage\":\"fr-FR\",\"potentialAction\":[{\"@type\":\"ReadAction\",\"target\":[\"https:\\\/\\\/vitreriestarlight.com\\\/fr\\\/product\\\/pince-a-base-plate\\\/\"]}]},{\"@type\":\"ImageObject\",\"inLanguage\":\"fr-FR\",\"@id\":\"https:\\\/\\\/vitreriestarlight.com\\\/fr\\\/product\\\/pince-a-base-plate\\\/#primaryimage\",\"url\":\"https:\\\/\\\/vitreriestarlight.com\\\/wp-content\\\/uploads\\\/2023\\\/03\\\/Z912BS_25312.jpeg\",\"contentUrl\":\"https:\\\/\\\/vitreriestarlight.com\\\/wp-content\\\/uploads\\\/2023\\\/03\\\/Z912BS_25312.jpeg\",\"width\":562,\"height\":200},{\"@type\":\"BreadcrumbList\",\"@id\":\"https:\\\/\\\/vitreriestarlight.com\\\/fr\\\/product\\\/pince-a-base-plate\\\/#breadcrumb\",\"itemListElement\":[{\"@type\":\"ListItem\",\"position\":1,\"name\":\"Home\",\"item\":\"https:\\\/\\\/vitreriestarlight.com\\\/fr\\\/\"},{\"@type\":\"ListItem\",\"position\":2,\"name\":\"Shop\",\"item\":\"https:\\\/\\\/vitreriestarlight.com\\\/fr\\\/shop\\\/\"},{\"@type\":\"ListItem\",\"position\":3,\"name\":\"Pince \u00e0 base plate\"}]},{\"@type\":\"WebSite\",\"@id\":\"https:\\\/\\\/vitreriestarlight.com\\\/fr\\\/#website\",\"url\":\"https:\\\/\\\/vitreriestarlight.com\\\/fr\\\/\",\"name\":\"Vitrerie Starlight\",\"description\":\"\",\"potentialAction\":[{\"@type\":\"SearchAction\",\"target\":{\"@type\":\"EntryPoint\",\"urlTemplate\":\"https:\\\/\\\/vitreriestarlight.com\\\/fr\\\/?s={search_term_string}\"},\"query-input\":{\"@type\":\"PropertyValueSpecification\",\"valueRequired\":true,\"valueName\":\"search_term_string\"}}],\"inLanguage\":\"fr-FR\"}]}<\/script>\n<!-- \/ Yoast SEO plugin. -->","yoast_head_json":{"title":"Pince \u00e0 base plate - Vitrerie Starlight","robots":{"index":"index","follow":"follow","max-snippet":"max-snippet:-1","max-image-preview":"max-image-preview:large","max-video-preview":"max-video-preview:-1"},"canonical":"https:\/\/vitreriestarlight.com\/fr\/product\/pince-a-base-plate\/","og_locale":"fr_FR","og_type":"article","og_title":"Pince \u00e0 base plate - Vitrerie Starlight","og_description":"La commande en ligne est en route! Pour passer une commande ou faire une demande, veuillez nous contacter directement et nous serons heureux de vous aider.","og_url":"https:\/\/vitreriestarlight.com\/fr\/product\/pince-a-base-plate\/","og_site_name":"Vitrerie Starlight","og_image":[{"width":562,"height":200,"url":"https:\/\/vitreriestarlight.com\/wp-content\/uploads\/2023\/03\/Z912BS_25312.jpeg","type":"image\/jpeg"}],"twitter_card":"summary_large_image","schema":{"@context":"https:\/\/schema.org","@graph":[{"@type":"WebPage","@id":"https:\/\/vitreriestarlight.com\/fr\/product\/pince-a-base-plate\/","url":"https:\/\/vitreriestarlight.com\/fr\/product\/pince-a-base-plate\/","name":"Pince \u00e0 base plate - Vitrerie Starlight","isPartOf":{"@id":"https:\/\/vitreriestarlight.com\/fr\/#website"},"primaryImageOfPage":{"@id":"https:\/\/vitreriestarlight.com\/fr\/product\/pince-a-base-plate\/#primaryimage"},"image":{"@id":"https:\/\/vitreriestarlight.com\/fr\/product\/pince-a-base-plate\/#primaryimage"},"thumbnailUrl":"https:\/\/vitreriestarlight.com\/wp-content\/uploads\/2023\/03\/Z912BS_25312.jpeg","datePublished":"2023-05-17T16:26:10+00:00","breadcrumb":{"@id":"https:\/\/vitreriestarlight.com\/fr\/product\/pince-a-base-plate\/#breadcrumb"},"inLanguage":"fr-FR","potentialAction":[{"@type":"ReadAction","target":["https:\/\/vitreriestarlight.com\/fr\/product\/pince-a-base-plate\/"]}]},{"@type":"ImageObject","inLanguage":"fr-FR","@id":"https:\/\/vitreriestarlight.com\/fr\/product\/pince-a-base-plate\/#primaryimage","url":"https:\/\/vitreriestarlight.com\/wp-content\/uploads\/2023\/03\/Z912BS_25312.jpeg","contentUrl":"https:\/\/vitreriestarlight.com\/wp-content\/uploads\/2023\/03\/Z912BS_25312.jpeg","width":562,"height":200},{"@type":"BreadcrumbList","@id":"https:\/\/vitreriestarlight.com\/fr\/product\/pince-a-base-plate\/#breadcrumb","itemListElement":[{"@type":"ListItem","position":1,"name":"Home","item":"https:\/\/vitreriestarlight.com\/fr\/"},{"@type":"ListItem","position":2,"name":"Shop","item":"https:\/\/vitreriestarlight.com\/fr\/shop\/"},{"@type":"ListItem","position":3,"name":"Pince \u00e0 base plate"}]},{"@type":"WebSite","@id":"https:\/\/vitreriestarlight.com\/fr\/#website","url":"https:\/\/vitreriestarlight.com\/fr\/","name":"Vitrerie Starlight","description":"","potentialAction":[{"@type":"SearchAction","target":{"@type":"EntryPoint","urlTemplate":"https:\/\/vitreriestarlight.com\/fr\/?s={search_term_string}"},"query-input":{"@type":"PropertyValueSpecification","valueRequired":true,"valueName":"search_term_string"}}],"inLanguage":"fr-FR"}]}},"_links":{"self":[{"href":"https:\/\/vitreriestarlight.com\/fr\/wp-json\/wp\/v2\/product\/5414","targetHints":{"allow":["GET"]}}],"collection":[{"href":"https:\/\/vitreriestarlight.com\/fr\/wp-json\/wp\/v2\/product"}],"about":[{"href":"https:\/\/vitreriestarlight.com\/fr\/wp-json\/wp\/v2\/types\/product"}],"replies":[{"embeddable":true,"href":"https:\/\/vitreriestarlight.com\/fr\/wp-json\/wp\/v2\/comments?post=5414"}],"wp:featuredmedia":[{"embeddable":true,"href":"https:\/\/vitreriestarlight.com\/fr\/wp-json\/wp\/v2\/media\/5232"}],"wp:attachment":[{"href":"https:\/\/vitreriestarlight.com\/fr\/wp-json\/wp\/v2\/media?parent=5414"}],"wp:term":[{"taxonomy":"product_brand","embeddable":true,"href":"https:\/\/vitreriestarlight.com\/fr\/wp-json\/wp\/v2\/product_brand?post=5414"},{"taxonomy":"product_cat","embeddable":true,"href":"https:\/\/vitreriestarlight.com\/fr\/wp-json\/wp\/v2\/product_cat?post=5414"},{"taxonomy":"product_tag","embeddable":true,"href":"https:\/\/vitreriestarlight.com\/fr\/wp-json\/wp\/v2\/product_tag?post=5414"}],"curies":[{"name":"wp","href":"https:\/\/api.w.org\/{rel}","templated":true}]}}