{"id":5415,"date":"2023-03-14T07:04:08","date_gmt":"2023-05-17T16:39:14","guid":{"rendered":"https:\/\/vitreriestarlight.com\/product\/pince-detagere\/"},"modified":"2023-05-17T12:39:14","modified_gmt":"2023-05-17T16:39:14","slug":"shelf-clamp","status":"publish","type":"product","link":"https:\/\/vitreriestarlight.com\/fr\/product\/shelf-clamp\/","title":{"rendered":"Pince d\u2019\u00e9tag\u00e8re"},"content":{"rendered":"<p>\u25aa Petite pince d\u2019\u00e9tag\u00e8re int\u00e9rieure carr\u00e9e chrom\u00e9e polie<br \/>\n\u25aa Pour verre de 1\/4 \u00bb \u00e0 3\/8 \u00bb (6 \u00e0 10mm) d\u2019\u00e9paisseur<br \/>\n\u25aa Utilisez du verre tremp\u00e9 monolithique<\/p>\n","protected":false},"excerpt":{"rendered":"<p>La commande en ligne est en route! Pour passer une commande ou faire une demande, <a href=\"https:\/\/vitreriestarlight.com\/contact-us\/\">veuillez nous contacter directement<\/a> et nous serons heureux de vous aider.<\/p>\n","protected":false},"featured_media":5222,"comment_status":"open","ping_status":"closed","template":"","meta":{"_acf_changed":false},"product_brand":[],"product_cat":[35],"product_tag":[],"class_list":{"0":"post-5415","1":"product","2":"type-product","3":"status-publish","4":"has-post-thumbnail","6":"product_cat-accessories-fr","8":"first","9":"instock","10":"shipping-taxable","11":"product-type-simple"},"acf":[],"yoast_head":"<!-- This site is optimized with the Yoast SEO plugin v27.3 - https:\/\/yoast.com\/product\/yoast-seo-wordpress\/ -->\n<title>Pince d\u2019\u00e9tag\u00e8re - Vitrerie Starlight<\/title>\n<meta name=\"robots\" content=\"index, follow, max-snippet:-1, max-image-preview:large, max-video-preview:-1\" \/>\n<link rel=\"canonical\" href=\"https:\/\/vitreriestarlight.com\/fr\/product\/shelf-clamp\/\" \/>\n<meta property=\"og:locale\" content=\"fr_FR\" \/>\n<meta property=\"og:type\" content=\"article\" \/>\n<meta property=\"og:title\" content=\"Pince d\u2019\u00e9tag\u00e8re - Vitrerie Starlight\" \/>\n<meta property=\"og:description\" content=\"La commande en ligne est en route! Pour passer une commande ou faire une demande, veuillez nous contacter directement et nous serons heureux de vous aider.\" \/>\n<meta property=\"og:url\" content=\"https:\/\/vitreriestarlight.com\/fr\/product\/shelf-clamp\/\" \/>\n<meta property=\"og:site_name\" content=\"Vitrerie Starlight\" \/>\n<meta property=\"og:image\" content=\"https:\/\/vitreriestarlight.com\/wp-content\/uploads\/2023\/03\/Untitled-design-17.png\" \/>\n\t<meta property=\"og:image:width\" content=\"500\" \/>\n\t<meta property=\"og:image:height\" content=\"500\" \/>\n\t<meta property=\"og:image:type\" content=\"image\/png\" \/>\n<meta name=\"twitter:card\" content=\"summary_large_image\" \/>\n<script type=\"application\/ld+json\" class=\"yoast-schema-graph\">{\"@context\":\"https:\\\/\\\/schema.org\",\"@graph\":[{\"@type\":\"WebPage\",\"@id\":\"https:\\\/\\\/vitreriestarlight.com\\\/fr\\\/product\\\/shelf-clamp\\\/\",\"url\":\"https:\\\/\\\/vitreriestarlight.com\\\/fr\\\/product\\\/shelf-clamp\\\/\",\"name\":\"Pince d\u2019\u00e9tag\u00e8re - Vitrerie Starlight\",\"isPartOf\":{\"@id\":\"https:\\\/\\\/vitreriestarlight.com\\\/fr\\\/#website\"},\"primaryImageOfPage\":{\"@id\":\"https:\\\/\\\/vitreriestarlight.com\\\/fr\\\/product\\\/shelf-clamp\\\/#primaryimage\"},\"image\":{\"@id\":\"https:\\\/\\\/vitreriestarlight.com\\\/fr\\\/product\\\/shelf-clamp\\\/#primaryimage\"},\"thumbnailUrl\":\"https:\\\/\\\/vitreriestarlight.com\\\/wp-content\\\/uploads\\\/2023\\\/03\\\/Untitled-design-17.png\",\"datePublished\":\"2023-05-17T16:39:14+00:00\",\"breadcrumb\":{\"@id\":\"https:\\\/\\\/vitreriestarlight.com\\\/fr\\\/product\\\/shelf-clamp\\\/#breadcrumb\"},\"inLanguage\":\"fr-FR\",\"potentialAction\":[{\"@type\":\"ReadAction\",\"target\":[\"https:\\\/\\\/vitreriestarlight.com\\\/fr\\\/product\\\/shelf-clamp\\\/\"]}]},{\"@type\":\"ImageObject\",\"inLanguage\":\"fr-FR\",\"@id\":\"https:\\\/\\\/vitreriestarlight.com\\\/fr\\\/product\\\/shelf-clamp\\\/#primaryimage\",\"url\":\"https:\\\/\\\/vitreriestarlight.com\\\/wp-content\\\/uploads\\\/2023\\\/03\\\/Untitled-design-17.png\",\"contentUrl\":\"https:\\\/\\\/vitreriestarlight.com\\\/wp-content\\\/uploads\\\/2023\\\/03\\\/Untitled-design-17.png\",\"width\":500,\"height\":500},{\"@type\":\"BreadcrumbList\",\"@id\":\"https:\\\/\\\/vitreriestarlight.com\\\/fr\\\/product\\\/shelf-clamp\\\/#breadcrumb\",\"itemListElement\":[{\"@type\":\"ListItem\",\"position\":1,\"name\":\"Home\",\"item\":\"https:\\\/\\\/vitreriestarlight.com\\\/fr\\\/\"},{\"@type\":\"ListItem\",\"position\":2,\"name\":\"Shop\",\"item\":\"https:\\\/\\\/vitreriestarlight.com\\\/fr\\\/shop\\\/\"},{\"@type\":\"ListItem\",\"position\":3,\"name\":\"Pince d\u2019\u00e9tag\u00e8re\"}]},{\"@type\":\"WebSite\",\"@id\":\"https:\\\/\\\/vitreriestarlight.com\\\/fr\\\/#website\",\"url\":\"https:\\\/\\\/vitreriestarlight.com\\\/fr\\\/\",\"name\":\"Vitrerie Starlight\",\"description\":\"\",\"potentialAction\":[{\"@type\":\"SearchAction\",\"target\":{\"@type\":\"EntryPoint\",\"urlTemplate\":\"https:\\\/\\\/vitreriestarlight.com\\\/fr\\\/?s={search_term_string}\"},\"query-input\":{\"@type\":\"PropertyValueSpecification\",\"valueRequired\":true,\"valueName\":\"search_term_string\"}}],\"inLanguage\":\"fr-FR\"}]}<\/script>\n<!-- \/ Yoast SEO plugin. -->","yoast_head_json":{"title":"Pince d\u2019\u00e9tag\u00e8re - Vitrerie Starlight","robots":{"index":"index","follow":"follow","max-snippet":"max-snippet:-1","max-image-preview":"max-image-preview:large","max-video-preview":"max-video-preview:-1"},"canonical":"https:\/\/vitreriestarlight.com\/fr\/product\/shelf-clamp\/","og_locale":"fr_FR","og_type":"article","og_title":"Pince d\u2019\u00e9tag\u00e8re - Vitrerie Starlight","og_description":"La commande en ligne est en route! Pour passer une commande ou faire une demande, veuillez nous contacter directement et nous serons heureux de vous aider.","og_url":"https:\/\/vitreriestarlight.com\/fr\/product\/shelf-clamp\/","og_site_name":"Vitrerie Starlight","og_image":[{"width":500,"height":500,"url":"https:\/\/vitreriestarlight.com\/wp-content\/uploads\/2023\/03\/Untitled-design-17.png","type":"image\/png"}],"twitter_card":"summary_large_image","schema":{"@context":"https:\/\/schema.org","@graph":[{"@type":"WebPage","@id":"https:\/\/vitreriestarlight.com\/fr\/product\/shelf-clamp\/","url":"https:\/\/vitreriestarlight.com\/fr\/product\/shelf-clamp\/","name":"Pince d\u2019\u00e9tag\u00e8re - Vitrerie Starlight","isPartOf":{"@id":"https:\/\/vitreriestarlight.com\/fr\/#website"},"primaryImageOfPage":{"@id":"https:\/\/vitreriestarlight.com\/fr\/product\/shelf-clamp\/#primaryimage"},"image":{"@id":"https:\/\/vitreriestarlight.com\/fr\/product\/shelf-clamp\/#primaryimage"},"thumbnailUrl":"https:\/\/vitreriestarlight.com\/wp-content\/uploads\/2023\/03\/Untitled-design-17.png","datePublished":"2023-05-17T16:39:14+00:00","breadcrumb":{"@id":"https:\/\/vitreriestarlight.com\/fr\/product\/shelf-clamp\/#breadcrumb"},"inLanguage":"fr-FR","potentialAction":[{"@type":"ReadAction","target":["https:\/\/vitreriestarlight.com\/fr\/product\/shelf-clamp\/"]}]},{"@type":"ImageObject","inLanguage":"fr-FR","@id":"https:\/\/vitreriestarlight.com\/fr\/product\/shelf-clamp\/#primaryimage","url":"https:\/\/vitreriestarlight.com\/wp-content\/uploads\/2023\/03\/Untitled-design-17.png","contentUrl":"https:\/\/vitreriestarlight.com\/wp-content\/uploads\/2023\/03\/Untitled-design-17.png","width":500,"height":500},{"@type":"BreadcrumbList","@id":"https:\/\/vitreriestarlight.com\/fr\/product\/shelf-clamp\/#breadcrumb","itemListElement":[{"@type":"ListItem","position":1,"name":"Home","item":"https:\/\/vitreriestarlight.com\/fr\/"},{"@type":"ListItem","position":2,"name":"Shop","item":"https:\/\/vitreriestarlight.com\/fr\/shop\/"},{"@type":"ListItem","position":3,"name":"Pince d\u2019\u00e9tag\u00e8re"}]},{"@type":"WebSite","@id":"https:\/\/vitreriestarlight.com\/fr\/#website","url":"https:\/\/vitreriestarlight.com\/fr\/","name":"Vitrerie Starlight","description":"","potentialAction":[{"@type":"SearchAction","target":{"@type":"EntryPoint","urlTemplate":"https:\/\/vitreriestarlight.com\/fr\/?s={search_term_string}"},"query-input":{"@type":"PropertyValueSpecification","valueRequired":true,"valueName":"search_term_string"}}],"inLanguage":"fr-FR"}]}},"_links":{"self":[{"href":"https:\/\/vitreriestarlight.com\/fr\/wp-json\/wp\/v2\/product\/5415","targetHints":{"allow":["GET"]}}],"collection":[{"href":"https:\/\/vitreriestarlight.com\/fr\/wp-json\/wp\/v2\/product"}],"about":[{"href":"https:\/\/vitreriestarlight.com\/fr\/wp-json\/wp\/v2\/types\/product"}],"replies":[{"embeddable":true,"href":"https:\/\/vitreriestarlight.com\/fr\/wp-json\/wp\/v2\/comments?post=5415"}],"wp:featuredmedia":[{"embeddable":true,"href":"https:\/\/vitreriestarlight.com\/fr\/wp-json\/wp\/v2\/media\/5222"}],"wp:attachment":[{"href":"https:\/\/vitreriestarlight.com\/fr\/wp-json\/wp\/v2\/media?parent=5415"}],"wp:term":[{"taxonomy":"product_brand","embeddable":true,"href":"https:\/\/vitreriestarlight.com\/fr\/wp-json\/wp\/v2\/product_brand?post=5415"},{"taxonomy":"product_cat","embeddable":true,"href":"https:\/\/vitreriestarlight.com\/fr\/wp-json\/wp\/v2\/product_cat?post=5415"},{"taxonomy":"product_tag","embeddable":true,"href":"https:\/\/vitreriestarlight.com\/fr\/wp-json\/wp\/v2\/product_tag?post=5415"}],"curies":[{"name":"wp","href":"https:\/\/api.w.org\/{rel}","templated":true}]}}