{"id":5425,"date":"2023-03-14T05:10:43","date_gmt":"2023-05-17T17:44:08","guid":{"rendered":"https:\/\/vitreriestarlight.com\/product\/silicone-translucide\/"},"modified":"2023-05-17T13:44:08","modified_gmt":"2023-05-17T17:44:08","slug":"translucent-silicone","status":"publish","type":"product","link":"https:\/\/vitreriestarlight.com\/fr\/product\/translucent-silicone\/","title":{"rendered":"Silicone translucide"},"content":{"rendered":"<p>\u2022 Meets ASTM C920, Type S, Grade NS, Class 25, NT, G, A, O use and ECOLOGO certification<br \/>\n\u2022 Excellente adh\u00e9rence sur de nombreux types de mat\u00e9riaux tels que le verre, l\u2019aluminium, la plupart des m\u00e9taux peints et des types de bois, la c\u00e9ramique, le miroir, les fibres synth\u00e9tiques et naturelles<br \/>\n\u2022 Utilis\u00e9 pour les cuisines et les salles de bains<br \/>\n\u2022 Corrosif et faible teneur en COV<br \/>\n\u2022 Ne jaune pas (y compris la couleur translucide)<br \/>\n\u2022 Excellente r\u00e9sistance aux UV<br \/>\n\u2022 Utilisation int\u00e9rieure et ext\u00e9rieure<br \/>\n\u2022 Ne peut pas \u00eatre peint<\/p>\n","protected":false},"excerpt":{"rendered":"<p>La commande en ligne est en route! Pour passer une commande ou faire une demande, <a href=\"https:\/\/vitreriestarlight.com\/contact-us\/\">veuillez nous contacter directement<\/a> et nous serons heureux de vous aider.<\/p>\n","protected":false},"featured_media":5187,"comment_status":"open","ping_status":"closed","template":"","meta":{"_acf_changed":false},"product_brand":[],"product_cat":[36],"product_tag":[],"class_list":{"0":"post-5425","1":"product","2":"type-product","3":"status-publish","4":"has-post-thumbnail","6":"product_cat-sealants-cleaning-fr","8":"first","9":"instock","10":"shipping-taxable","11":"product-type-simple"},"acf":[],"yoast_head":"<!-- This site is optimized with the Yoast SEO plugin v27.5 - https:\/\/yoast.com\/product\/yoast-seo-wordpress\/ -->\n<title>Silicone translucide - Vitrerie Starlight<\/title>\n<meta name=\"robots\" content=\"index, follow, max-snippet:-1, max-image-preview:large, max-video-preview:-1\" \/>\n<link rel=\"canonical\" href=\"https:\/\/vitreriestarlight.com\/fr\/product\/translucent-silicone\/\" \/>\n<meta property=\"og:locale\" content=\"fr_FR\" \/>\n<meta property=\"og:type\" content=\"article\" \/>\n<meta property=\"og:title\" content=\"Silicone translucide - Vitrerie Starlight\" \/>\n<meta property=\"og:description\" content=\"La commande en ligne est en route! Pour passer une commande ou faire une demande, veuillez nous contacter directement et nous serons heureux de vous aider.\" \/>\n<meta property=\"og:url\" content=\"https:\/\/vitreriestarlight.com\/fr\/product\/translucent-silicone\/\" \/>\n<meta property=\"og:site_name\" content=\"Vitrerie Starlight\" \/>\n<meta property=\"og:image\" content=\"https:\/\/vitreriestarlight.com\/wp-content\/uploads\/2023\/03\/Adseal-KB-4800-CTG-1.jpeg\" \/>\n\t<meta property=\"og:image:width\" content=\"2000\" \/>\n\t<meta property=\"og:image:height\" content=\"2000\" \/>\n\t<meta property=\"og:image:type\" content=\"image\/jpeg\" \/>\n<meta name=\"twitter:card\" content=\"summary_large_image\" \/>\n<script type=\"application\/ld+json\" class=\"yoast-schema-graph\">{\"@context\":\"https:\\\/\\\/schema.org\",\"@graph\":[{\"@type\":\"WebPage\",\"@id\":\"https:\\\/\\\/vitreriestarlight.com\\\/fr\\\/product\\\/translucent-silicone\\\/\",\"url\":\"https:\\\/\\\/vitreriestarlight.com\\\/fr\\\/product\\\/translucent-silicone\\\/\",\"name\":\"Silicone translucide - Vitrerie Starlight\",\"isPartOf\":{\"@id\":\"https:\\\/\\\/vitreriestarlight.com\\\/fr\\\/#website\"},\"primaryImageOfPage\":{\"@id\":\"https:\\\/\\\/vitreriestarlight.com\\\/fr\\\/product\\\/translucent-silicone\\\/#primaryimage\"},\"image\":{\"@id\":\"https:\\\/\\\/vitreriestarlight.com\\\/fr\\\/product\\\/translucent-silicone\\\/#primaryimage\"},\"thumbnailUrl\":\"https:\\\/\\\/vitreriestarlight.com\\\/wp-content\\\/uploads\\\/2023\\\/03\\\/Adseal-KB-4800-CTG-1.jpeg\",\"datePublished\":\"2023-05-17T17:44:08+00:00\",\"breadcrumb\":{\"@id\":\"https:\\\/\\\/vitreriestarlight.com\\\/fr\\\/product\\\/translucent-silicone\\\/#breadcrumb\"},\"inLanguage\":\"fr-FR\",\"potentialAction\":[{\"@type\":\"ReadAction\",\"target\":[\"https:\\\/\\\/vitreriestarlight.com\\\/fr\\\/product\\\/translucent-silicone\\\/\"]}]},{\"@type\":\"ImageObject\",\"inLanguage\":\"fr-FR\",\"@id\":\"https:\\\/\\\/vitreriestarlight.com\\\/fr\\\/product\\\/translucent-silicone\\\/#primaryimage\",\"url\":\"https:\\\/\\\/vitreriestarlight.com\\\/wp-content\\\/uploads\\\/2023\\\/03\\\/Adseal-KB-4800-CTG-1.jpeg\",\"contentUrl\":\"https:\\\/\\\/vitreriestarlight.com\\\/wp-content\\\/uploads\\\/2023\\\/03\\\/Adseal-KB-4800-CTG-1.jpeg\",\"width\":2000,\"height\":2000},{\"@type\":\"BreadcrumbList\",\"@id\":\"https:\\\/\\\/vitreriestarlight.com\\\/fr\\\/product\\\/translucent-silicone\\\/#breadcrumb\",\"itemListElement\":[{\"@type\":\"ListItem\",\"position\":1,\"name\":\"Home\",\"item\":\"https:\\\/\\\/vitreriestarlight.com\\\/fr\\\/\"},{\"@type\":\"ListItem\",\"position\":2,\"name\":\"Shop\",\"item\":\"https:\\\/\\\/vitreriestarlight.com\\\/fr\\\/shop\\\/\"},{\"@type\":\"ListItem\",\"position\":3,\"name\":\"Silicone translucide\"}]},{\"@type\":\"WebSite\",\"@id\":\"https:\\\/\\\/vitreriestarlight.com\\\/fr\\\/#website\",\"url\":\"https:\\\/\\\/vitreriestarlight.com\\\/fr\\\/\",\"name\":\"Vitrerie Starlight\",\"description\":\"\",\"potentialAction\":[{\"@type\":\"SearchAction\",\"target\":{\"@type\":\"EntryPoint\",\"urlTemplate\":\"https:\\\/\\\/vitreriestarlight.com\\\/fr\\\/?s={search_term_string}\"},\"query-input\":{\"@type\":\"PropertyValueSpecification\",\"valueRequired\":true,\"valueName\":\"search_term_string\"}}],\"inLanguage\":\"fr-FR\"}]}<\/script>\n<!-- \/ Yoast SEO plugin. -->","yoast_head_json":{"title":"Silicone translucide - Vitrerie Starlight","robots":{"index":"index","follow":"follow","max-snippet":"max-snippet:-1","max-image-preview":"max-image-preview:large","max-video-preview":"max-video-preview:-1"},"canonical":"https:\/\/vitreriestarlight.com\/fr\/product\/translucent-silicone\/","og_locale":"fr_FR","og_type":"article","og_title":"Silicone translucide - Vitrerie Starlight","og_description":"La commande en ligne est en route! Pour passer une commande ou faire une demande, veuillez nous contacter directement et nous serons heureux de vous aider.","og_url":"https:\/\/vitreriestarlight.com\/fr\/product\/translucent-silicone\/","og_site_name":"Vitrerie Starlight","og_image":[{"width":2000,"height":2000,"url":"https:\/\/vitreriestarlight.com\/wp-content\/uploads\/2023\/03\/Adseal-KB-4800-CTG-1.jpeg","type":"image\/jpeg"}],"twitter_card":"summary_large_image","schema":{"@context":"https:\/\/schema.org","@graph":[{"@type":"WebPage","@id":"https:\/\/vitreriestarlight.com\/fr\/product\/translucent-silicone\/","url":"https:\/\/vitreriestarlight.com\/fr\/product\/translucent-silicone\/","name":"Silicone translucide - Vitrerie Starlight","isPartOf":{"@id":"https:\/\/vitreriestarlight.com\/fr\/#website"},"primaryImageOfPage":{"@id":"https:\/\/vitreriestarlight.com\/fr\/product\/translucent-silicone\/#primaryimage"},"image":{"@id":"https:\/\/vitreriestarlight.com\/fr\/product\/translucent-silicone\/#primaryimage"},"thumbnailUrl":"https:\/\/vitreriestarlight.com\/wp-content\/uploads\/2023\/03\/Adseal-KB-4800-CTG-1.jpeg","datePublished":"2023-05-17T17:44:08+00:00","breadcrumb":{"@id":"https:\/\/vitreriestarlight.com\/fr\/product\/translucent-silicone\/#breadcrumb"},"inLanguage":"fr-FR","potentialAction":[{"@type":"ReadAction","target":["https:\/\/vitreriestarlight.com\/fr\/product\/translucent-silicone\/"]}]},{"@type":"ImageObject","inLanguage":"fr-FR","@id":"https:\/\/vitreriestarlight.com\/fr\/product\/translucent-silicone\/#primaryimage","url":"https:\/\/vitreriestarlight.com\/wp-content\/uploads\/2023\/03\/Adseal-KB-4800-CTG-1.jpeg","contentUrl":"https:\/\/vitreriestarlight.com\/wp-content\/uploads\/2023\/03\/Adseal-KB-4800-CTG-1.jpeg","width":2000,"height":2000},{"@type":"BreadcrumbList","@id":"https:\/\/vitreriestarlight.com\/fr\/product\/translucent-silicone\/#breadcrumb","itemListElement":[{"@type":"ListItem","position":1,"name":"Home","item":"https:\/\/vitreriestarlight.com\/fr\/"},{"@type":"ListItem","position":2,"name":"Shop","item":"https:\/\/vitreriestarlight.com\/fr\/shop\/"},{"@type":"ListItem","position":3,"name":"Silicone translucide"}]},{"@type":"WebSite","@id":"https:\/\/vitreriestarlight.com\/fr\/#website","url":"https:\/\/vitreriestarlight.com\/fr\/","name":"Vitrerie Starlight","description":"","potentialAction":[{"@type":"SearchAction","target":{"@type":"EntryPoint","urlTemplate":"https:\/\/vitreriestarlight.com\/fr\/?s={search_term_string}"},"query-input":{"@type":"PropertyValueSpecification","valueRequired":true,"valueName":"search_term_string"}}],"inLanguage":"fr-FR"}]}},"_links":{"self":[{"href":"https:\/\/vitreriestarlight.com\/fr\/wp-json\/wp\/v2\/product\/5425","targetHints":{"allow":["GET"]}}],"collection":[{"href":"https:\/\/vitreriestarlight.com\/fr\/wp-json\/wp\/v2\/product"}],"about":[{"href":"https:\/\/vitreriestarlight.com\/fr\/wp-json\/wp\/v2\/types\/product"}],"replies":[{"embeddable":true,"href":"https:\/\/vitreriestarlight.com\/fr\/wp-json\/wp\/v2\/comments?post=5425"}],"wp:featuredmedia":[{"embeddable":true,"href":"https:\/\/vitreriestarlight.com\/fr\/wp-json\/wp\/v2\/media\/5187"}],"wp:attachment":[{"href":"https:\/\/vitreriestarlight.com\/fr\/wp-json\/wp\/v2\/media?parent=5425"}],"wp:term":[{"taxonomy":"product_brand","embeddable":true,"href":"https:\/\/vitreriestarlight.com\/fr\/wp-json\/wp\/v2\/product_brand?post=5425"},{"taxonomy":"product_cat","embeddable":true,"href":"https:\/\/vitreriestarlight.com\/fr\/wp-json\/wp\/v2\/product_cat?post=5425"},{"taxonomy":"product_tag","embeddable":true,"href":"https:\/\/vitreriestarlight.com\/fr\/wp-json\/wp\/v2\/product_tag?post=5425"}],"curies":[{"name":"wp","href":"https:\/\/api.w.org\/{rel}","templated":true}]}}